{"id":446,"date":"2017-03-31T16:05:14","date_gmt":"2017-03-31T14:05:14","guid":{"rendered":"http:\/\/widok.eu\/?page_id=446"},"modified":"2017-04-05T09:53:18","modified_gmt":"2017-04-05T07:53:18","slug":"profil-dzialalnosci","status":"publish","type":"page","link":"https:\/\/widok.eu\/en\/","title":{"rendered":"Activity profile"},"content":{"rendered":"<p>The profile of our activity encapsulates above all the delivery and assembly of a variety of facades. In our wide offer we propose to our clients glass- aluminium elevations, as well as those made solely of aluminium, ventilated, all-glass constructions, blinds both sun-resistant and for elevation, winter gardens, glass-aluminium skylights, anti-fire walls, aluminium windows and doors as well as automatic mechanisms for them, and much more.<br \/>The headquarters of our company is located in Warsaw.<\/p>\n","protected":false},"excerpt":{"rendered":"<p>The profile of our activity encapsulates above all the delivery and assembly of a variety of facades. In our wide offer we propose to our clients glass- aluminium elevations, as well as those made solely of aluminium, ventilated, all-glass constructions, blinds both sun-resistant and for elevation, winter gardens, glass-aluminium skylights, anti-fire walls, aluminium windows and [&hellip;]<\/p>\n","protected":false},"author":1,"featured_media":0,"parent":0,"menu_order":0,"comment_status":"closed","ping_status":"closed","template":"","meta":[],"yoast_head":"<!-- This site is optimized with the Yoast SEO plugin v19.0 - https:\/\/yoast.com\/wordpress\/plugins\/seo\/ -->\n<title>Activity profile - WIDOK Sp. z o.o. Sp. K. - producent stolarki PCV i \u015blusarki aluminiowej<\/title>\n<meta name=\"robots\" content=\"index, follow, max-snippet:-1, max-image-preview:large, max-video-preview:-1\" \/>\n<link rel=\"canonical\" href=\"https:\/\/widok.eu\/en\/\" \/>\n<meta property=\"og:locale\" content=\"en_US\" \/>\n<meta property=\"og:type\" content=\"article\" \/>\n<meta property=\"og:title\" content=\"Activity profile - WIDOK Sp. z o.o. Sp. K. - producent stolarki PCV i \u015blusarki aluminiowej\" \/>\n<meta property=\"og:description\" content=\"The profile of our activity encapsulates above all the delivery and assembly of a variety of facades. In our wide offer we propose to our clients glass- aluminium elevations, as well as those made solely of aluminium, ventilated, all-glass constructions, blinds both sun-resistant and for elevation, winter gardens, glass-aluminium skylights, anti-fire walls, aluminium windows and [&hellip;]\" \/>\n<meta property=\"og:url\" content=\"https:\/\/widok.eu\/en\/\" \/>\n<meta property=\"og:site_name\" content=\"WIDOK Sp. z o.o. Sp. K. - producent stolarki PCV i \u015blusarki aluminiowej\" \/>\n<meta property=\"article:modified_time\" content=\"2017-04-05T07:53:18+00:00\" \/>\n<meta name=\"twitter:card\" content=\"summary\" \/>\n<script type=\"application\/ld+json\" class=\"yoast-schema-graph\">{\"@context\":\"https:\/\/schema.org\",\"@graph\":[{\"@type\":\"WebSite\",\"@id\":\"https:\/\/widok.eu\/#website\",\"url\":\"https:\/\/widok.eu\/\",\"name\":\"WIDOK Sp. z o.o. Sp. K. - producent stolarki PCV i \u015blusarki aluminiowej\",\"description\":\"Profil naszej dzia\u0142alno\u015bci obejmuje przede wszystkim dostaw\u0119 i  kompleksowy monta\u017c fasad zr\u00f3\u017cnicowanych pod wzgl\u0119dem typu i materia\u0142u.\",\"potentialAction\":[{\"@type\":\"SearchAction\",\"target\":{\"@type\":\"EntryPoint\",\"urlTemplate\":\"https:\/\/widok.eu\/?s={search_term_string}\"},\"query-input\":\"required name=search_term_string\"}],\"inLanguage\":\"en-US\"},{\"@type\":\"WebPage\",\"@id\":\"https:\/\/widok.eu\/en\/#webpage\",\"url\":\"https:\/\/widok.eu\/en\/\",\"name\":\"Activity profile - WIDOK Sp. z o.o. Sp. K. - producent stolarki PCV i \u015blusarki aluminiowej\",\"isPartOf\":{\"@id\":\"https:\/\/widok.eu\/#website\"},\"datePublished\":\"2017-03-31T14:05:14+00:00\",\"dateModified\":\"2017-04-05T07:53:18+00:00\",\"breadcrumb\":{\"@id\":\"https:\/\/widok.eu\/en\/#breadcrumb\"},\"inLanguage\":\"en-US\",\"potentialAction\":[{\"@type\":\"ReadAction\",\"target\":[\"https:\/\/widok.eu\/en\/\"]}]},{\"@type\":\"BreadcrumbList\",\"@id\":\"https:\/\/widok.eu\/en\/#breadcrumb\",\"itemListElement\":[{\"@type\":\"ListItem\",\"position\":1,\"name\":\"Strona g\u0142\u00f3wna\",\"item\":\"https:\/\/widok.eu\/en\/\"},{\"@type\":\"ListItem\",\"position\":2,\"name\":\"Activity profile\"}]}]}<\/script>\n<!-- \/ Yoast SEO plugin. -->","yoast_head_json":{"title":"Activity profile - WIDOK Sp. z o.o. Sp. K. - producent stolarki PCV i \u015blusarki aluminiowej","robots":{"index":"index","follow":"follow","max-snippet":"max-snippet:-1","max-image-preview":"max-image-preview:large","max-video-preview":"max-video-preview:-1"},"canonical":"https:\/\/widok.eu\/en\/","og_locale":"en_US","og_type":"article","og_title":"Activity profile - WIDOK Sp. z o.o. Sp. K. - producent stolarki PCV i \u015blusarki aluminiowej","og_description":"The profile of our activity encapsulates above all the delivery and assembly of a variety of facades. In our wide offer we propose to our clients glass- aluminium elevations, as well as those made solely of aluminium, ventilated, all-glass constructions, blinds both sun-resistant and for elevation, winter gardens, glass-aluminium skylights, anti-fire walls, aluminium windows and [&hellip;]","og_url":"https:\/\/widok.eu\/en\/","og_site_name":"WIDOK Sp. z o.o. Sp. K. - producent stolarki PCV i \u015blusarki aluminiowej","article_modified_time":"2017-04-05T07:53:18+00:00","twitter_card":"summary","schema":{"@context":"https:\/\/schema.org","@graph":[{"@type":"WebSite","@id":"https:\/\/widok.eu\/#website","url":"https:\/\/widok.eu\/","name":"WIDOK Sp. z o.o. Sp. K. - producent stolarki PCV i \u015blusarki aluminiowej","description":"Profil naszej dzia\u0142alno\u015bci obejmuje przede wszystkim dostaw\u0119 i  kompleksowy monta\u017c fasad zr\u00f3\u017cnicowanych pod wzgl\u0119dem typu i materia\u0142u.","potentialAction":[{"@type":"SearchAction","target":{"@type":"EntryPoint","urlTemplate":"https:\/\/widok.eu\/?s={search_term_string}"},"query-input":"required name=search_term_string"}],"inLanguage":"en-US"},{"@type":"WebPage","@id":"https:\/\/widok.eu\/en\/#webpage","url":"https:\/\/widok.eu\/en\/","name":"Activity profile - WIDOK Sp. z o.o. Sp. K. - producent stolarki PCV i \u015blusarki aluminiowej","isPartOf":{"@id":"https:\/\/widok.eu\/#website"},"datePublished":"2017-03-31T14:05:14+00:00","dateModified":"2017-04-05T07:53:18+00:00","breadcrumb":{"@id":"https:\/\/widok.eu\/en\/#breadcrumb"},"inLanguage":"en-US","potentialAction":[{"@type":"ReadAction","target":["https:\/\/widok.eu\/en\/"]}]},{"@type":"BreadcrumbList","@id":"https:\/\/widok.eu\/en\/#breadcrumb","itemListElement":[{"@type":"ListItem","position":1,"name":"Strona g\u0142\u00f3wna","item":"https:\/\/widok.eu\/en\/"},{"@type":"ListItem","position":2,"name":"Activity profile"}]}]}},"_links":{"self":[{"href":"https:\/\/widok.eu\/en\/wp-json\/wp\/v2\/pages\/446\/"}],"collection":[{"href":"https:\/\/widok.eu\/en\/wp-json\/wp\/v2\/pages\/"}],"about":[{"href":"https:\/\/widok.eu\/en\/wp-json\/wp\/v2\/types\/page\/"}],"author":[{"embeddable":true,"href":"https:\/\/widok.eu\/en\/wp-json\/wp\/v2\/users\/1\/"}],"replies":[{"embeddable":true,"href":"https:\/\/widok.eu\/en\/wp-json\/wp\/v2\/comments\/?post=446"}],"version-history":[{"count":3,"href":"https:\/\/widok.eu\/en\/wp-json\/wp\/v2\/pages\/446\/revisions\/"}],"predecessor-version":[{"id":828,"href":"https:\/\/widok.eu\/en\/wp-json\/wp\/v2\/pages\/446\/revisions\/828\/"}],"wp:attachment":[{"href":"https:\/\/widok.eu\/en\/wp-json\/wp\/v2\/media\/?parent=446"}],"curies":[{"name":"wp","href":"https:\/\/api.w.org\/{rel}","templated":true}]}}