{"id":445,"date":"2017-03-31T16:05:10","date_gmt":"2017-03-31T14:05:10","guid":{"rendered":"http:\/\/widok.eu\/?page_id=445"},"modified":"2017-04-18T10:59:34","modified_gmt":"2017-04-18T08:59:34","slug":"misja-wizja-wartosci","status":"publish","type":"page","link":"https:\/\/widok.eu\/en\/misja-wizja-wartosci\/","title":{"rendered":"MISSION, VISION, VALUES"},"content":{"rendered":"<h1>Mission<\/h1>\n<p>The mission WIDOK Limited liability company Sp. k. is to create and maintain an accurate and adjusted to every wallet business offer by proposing to them products and services of the highest quality and at the most competitive prices. We also focus on hiring qualified employees and training their competences. To work with passion, energy and respect.<\/p>\n<h2>Vision<\/h2>\n<p>To maintain the position of a restricted liability company in our market sector and to build satisfaction of the client through:<\/p>\n<ul>\n<li>continuous process of improving the quality of our products and services,<\/li>\n<li>perfecting the quality of client communication,<\/li>\n<li>the development of our production sites as well as investing in new technologies,<\/li>\n<li>constant investing in the training of our employees for them to gain more knowledge and experience. Thanks to their creativity and professionalism in expanding the product offer they already meet the expectations of even the most demanding clients.<\/li>\n<\/ul>\n<h2>Values<\/h2>\n<p>The most important values that we pride on in our company are:\u00a0<\/p>\n<ul>\n<li>solidity: \u00a0we care for precision and accuracy of the tasks to hand. We do our best to reach the level of our products and services that fully satisfies our clients\u2019 expectations;<\/li>\n<li>professionalism and transparency: \u00a0together with our business partners we have a constructive, transparent and open dialog based on mutual respect and professionalism;<\/li>\n<li>responsibility: \u00a0for the consequences resulting from our business activity and especially for our products and services provided to the clients;<\/li>\n<li>honesty: \u00a0impeccable behaviour towards our business partners and employees;<\/li>\n<li>impartiality: \u00a0we treat our business partners and employees with respect; and our relationships are characterised by mutual interest; we support the value of equal chances as well as working environment based on objectivity and free of pressure;<\/li>\n<li>development: \u00a0our employees are the most important value to us \u2013 we respect human rights, we provide decent working conditions and equal chances to develop; we treat them as the biggest Ambassadors of our brand.<\/li>\n<\/ul>\n","protected":false},"excerpt":{"rendered":"<p>Mission The mission WIDOK Limited liability company Sp. k. is to create and maintain an accurate and adjusted to every wallet business offer by proposing to them products and services of the highest quality and at the most competitive prices. We also focus on hiring qualified employees and training their competences. To work with passion, [&hellip;]<\/p>\n","protected":false},"author":1,"featured_media":0,"parent":0,"menu_order":0,"comment_status":"closed","ping_status":"closed","template":"","meta":[],"yoast_head":"<!-- This site is optimized with the Yoast SEO plugin v19.0 - https:\/\/yoast.com\/wordpress\/plugins\/seo\/ -->\n<title>MISSION, VISION, VALUES - WIDOK Sp. z o.o. Sp. K. - producent stolarki PCV i \u015blusarki aluminiowej<\/title>\n<meta name=\"robots\" content=\"index, follow, max-snippet:-1, max-image-preview:large, max-video-preview:-1\" \/>\n<link rel=\"canonical\" href=\"https:\/\/widok.eu\/en\/misja-wizja-wartosci\/\" \/>\n<meta property=\"og:locale\" content=\"en_US\" \/>\n<meta property=\"og:type\" content=\"article\" \/>\n<meta property=\"og:title\" content=\"MISSION, VISION, VALUES - WIDOK Sp. z o.o. Sp. K. - producent stolarki PCV i \u015blusarki aluminiowej\" \/>\n<meta property=\"og:description\" content=\"Mission The mission WIDOK Limited liability company Sp. k. is to create and maintain an accurate and adjusted to every wallet business offer by proposing to them products and services of the highest quality and at the most competitive prices. We also focus on hiring qualified employees and training their competences. To work with passion, [&hellip;]\" \/>\n<meta property=\"og:url\" content=\"https:\/\/widok.eu\/en\/misja-wizja-wartosci\/\" \/>\n<meta property=\"og:site_name\" content=\"WIDOK Sp. z o.o. Sp. K. - producent stolarki PCV i \u015blusarki aluminiowej\" \/>\n<meta property=\"article:modified_time\" content=\"2017-04-18T08:59:34+00:00\" \/>\n<meta name=\"twitter:card\" content=\"summary\" \/>\n<meta name=\"twitter:label1\" content=\"Est. reading time\" \/>\n\t<meta name=\"twitter:data1\" content=\"2 minutes\" \/>\n<script type=\"application\/ld+json\" class=\"yoast-schema-graph\">{\"@context\":\"https:\/\/schema.org\",\"@graph\":[{\"@type\":\"WebSite\",\"@id\":\"https:\/\/widok.eu\/#website\",\"url\":\"https:\/\/widok.eu\/\",\"name\":\"WIDOK Sp. z o.o. Sp. K. - producent stolarki PCV i \u015blusarki aluminiowej\",\"description\":\"Profil naszej dzia\u0142alno\u015bci obejmuje przede wszystkim dostaw\u0119 i  kompleksowy monta\u017c fasad zr\u00f3\u017cnicowanych pod wzgl\u0119dem typu i materia\u0142u.\",\"potentialAction\":[{\"@type\":\"SearchAction\",\"target\":{\"@type\":\"EntryPoint\",\"urlTemplate\":\"https:\/\/widok.eu\/?s={search_term_string}\"},\"query-input\":\"required name=search_term_string\"}],\"inLanguage\":\"en-US\"},{\"@type\":\"WebPage\",\"@id\":\"https:\/\/widok.eu\/en\/misja-wizja-wartosci\/#webpage\",\"url\":\"https:\/\/widok.eu\/en\/misja-wizja-wartosci\/\",\"name\":\"MISSION, VISION, VALUES - WIDOK Sp. z o.o. Sp. K. - producent stolarki PCV i \u015blusarki aluminiowej\",\"isPartOf\":{\"@id\":\"https:\/\/widok.eu\/#website\"},\"datePublished\":\"2017-03-31T14:05:10+00:00\",\"dateModified\":\"2017-04-18T08:59:34+00:00\",\"breadcrumb\":{\"@id\":\"https:\/\/widok.eu\/en\/misja-wizja-wartosci\/#breadcrumb\"},\"inLanguage\":\"en-US\",\"potentialAction\":[{\"@type\":\"ReadAction\",\"target\":[\"https:\/\/widok.eu\/en\/misja-wizja-wartosci\/\"]}]},{\"@type\":\"BreadcrumbList\",\"@id\":\"https:\/\/widok.eu\/en\/misja-wizja-wartosci\/#breadcrumb\",\"itemListElement\":[{\"@type\":\"ListItem\",\"position\":1,\"name\":\"Strona g\u0142\u00f3wna\",\"item\":\"https:\/\/widok.eu\/en\/\"},{\"@type\":\"ListItem\",\"position\":2,\"name\":\"MISSION, VISION, VALUES\"}]}]}<\/script>\n<!-- \/ Yoast SEO plugin. -->","yoast_head_json":{"title":"MISSION, VISION, VALUES - WIDOK Sp. z o.o. Sp. K. - producent stolarki PCV i \u015blusarki aluminiowej","robots":{"index":"index","follow":"follow","max-snippet":"max-snippet:-1","max-image-preview":"max-image-preview:large","max-video-preview":"max-video-preview:-1"},"canonical":"https:\/\/widok.eu\/en\/misja-wizja-wartosci\/","og_locale":"en_US","og_type":"article","og_title":"MISSION, VISION, VALUES - WIDOK Sp. z o.o. Sp. K. - producent stolarki PCV i \u015blusarki aluminiowej","og_description":"Mission The mission WIDOK Limited liability company Sp. k. is to create and maintain an accurate and adjusted to every wallet business offer by proposing to them products and services of the highest quality and at the most competitive prices. We also focus on hiring qualified employees and training their competences. To work with passion, [&hellip;]","og_url":"https:\/\/widok.eu\/en\/misja-wizja-wartosci\/","og_site_name":"WIDOK Sp. z o.o. Sp. K. - producent stolarki PCV i \u015blusarki aluminiowej","article_modified_time":"2017-04-18T08:59:34+00:00","twitter_card":"summary","twitter_misc":{"Est. reading time":"2 minutes"},"schema":{"@context":"https:\/\/schema.org","@graph":[{"@type":"WebSite","@id":"https:\/\/widok.eu\/#website","url":"https:\/\/widok.eu\/","name":"WIDOK Sp. z o.o. Sp. K. - producent stolarki PCV i \u015blusarki aluminiowej","description":"Profil naszej dzia\u0142alno\u015bci obejmuje przede wszystkim dostaw\u0119 i  kompleksowy monta\u017c fasad zr\u00f3\u017cnicowanych pod wzgl\u0119dem typu i materia\u0142u.","potentialAction":[{"@type":"SearchAction","target":{"@type":"EntryPoint","urlTemplate":"https:\/\/widok.eu\/?s={search_term_string}"},"query-input":"required name=search_term_string"}],"inLanguage":"en-US"},{"@type":"WebPage","@id":"https:\/\/widok.eu\/en\/misja-wizja-wartosci\/#webpage","url":"https:\/\/widok.eu\/en\/misja-wizja-wartosci\/","name":"MISSION, VISION, VALUES - WIDOK Sp. z o.o. Sp. K. - producent stolarki PCV i \u015blusarki aluminiowej","isPartOf":{"@id":"https:\/\/widok.eu\/#website"},"datePublished":"2017-03-31T14:05:10+00:00","dateModified":"2017-04-18T08:59:34+00:00","breadcrumb":{"@id":"https:\/\/widok.eu\/en\/misja-wizja-wartosci\/#breadcrumb"},"inLanguage":"en-US","potentialAction":[{"@type":"ReadAction","target":["https:\/\/widok.eu\/en\/misja-wizja-wartosci\/"]}]},{"@type":"BreadcrumbList","@id":"https:\/\/widok.eu\/en\/misja-wizja-wartosci\/#breadcrumb","itemListElement":[{"@type":"ListItem","position":1,"name":"Strona g\u0142\u00f3wna","item":"https:\/\/widok.eu\/en\/"},{"@type":"ListItem","position":2,"name":"MISSION, VISION, VALUES"}]}]}},"_links":{"self":[{"href":"https:\/\/widok.eu\/en\/wp-json\/wp\/v2\/pages\/445\/"}],"collection":[{"href":"https:\/\/widok.eu\/en\/wp-json\/wp\/v2\/pages\/"}],"about":[{"href":"https:\/\/widok.eu\/en\/wp-json\/wp\/v2\/types\/page\/"}],"author":[{"embeddable":true,"href":"https:\/\/widok.eu\/en\/wp-json\/wp\/v2\/users\/1\/"}],"replies":[{"embeddable":true,"href":"https:\/\/widok.eu\/en\/wp-json\/wp\/v2\/comments\/?post=445"}],"version-history":[{"count":4,"href":"https:\/\/widok.eu\/en\/wp-json\/wp\/v2\/pages\/445\/revisions\/"}],"predecessor-version":[{"id":566,"href":"https:\/\/widok.eu\/en\/wp-json\/wp\/v2\/pages\/445\/revisions\/566\/"}],"wp:attachment":[{"href":"https:\/\/widok.eu\/en\/wp-json\/wp\/v2\/media\/?parent=445"}],"curies":[{"name":"wp","href":"https:\/\/api.w.org\/{rel}","templated":true}]}}